{"id":1544,"date":"2025-03-26T11:14:08","date_gmt":"2025-03-26T09:14:08","guid":{"rendered":"https:\/\/shop2.pohjalabeer.com\/product\/pohjala-gin-x-peninuki\/"},"modified":"2025-09-17T12:19:00","modified_gmt":"2025-09-17T10:19:00","slug":"pohjala-gin-x-peninuki","status":"publish","type":"product","link":"https:\/\/shop.pohjalabeer.com\/en\/product\/pohjala-gin-x-peninuki\/","title":{"rendered":"P\u00f5hjala Gin x Peninuki"},"content":{"rendered":"","protected":false},"excerpt":{"rendered":"This gin is a collaboration between P\u00f5hjala and Peninuki. We took fresh hops from the brewery and local juniper berries from the distillery, added little bit of fresh lemon and grapefruit peel just to make both main players shine. The result is a perfectly balanced &#8220;less is more&#8221; styled bright and light 4 ingredient gin.","protected":false},"featured_media":1861,"template":"","meta":{"_acf_changed":false,"inline_featured_image":false},"product_brand":[],"product_cat":[175,200],"product_tag":[],"class_list":{"0":"post-1544","1":"product","2":"type-product","3":"status-publish","4":"has-post-thumbnail","6":"product_cat-beer-en","7":"product_cat-strong","9":"first","10":"instock","11":"taxable","12":"shipping-taxable","13":"purchasable","14":"product-type-simple"},"acf":[],"yoast_head":"<!-- This site is optimized with the Yoast SEO plugin v27.1.1 - https:\/\/yoast.com\/product\/yoast-seo-wordpress\/ -->\n<title>P\u00f5hjala Gin x Peninuki - P\u00f5hjala Brewery<\/title>\n<meta name=\"robots\" content=\"index, follow, max-snippet:-1, max-image-preview:large, max-video-preview:-1\" \/>\n<link rel=\"canonical\" href=\"https:\/\/shop.pohjalabeer.com\/en\/product\/pohjala-gin-x-peninuki\/\" \/>\n<meta property=\"og:locale\" content=\"en_US\" \/>\n<meta property=\"og:type\" content=\"article\" \/>\n<meta property=\"og:title\" content=\"P\u00f5hjala Gin x Peninuki - P\u00f5hjala Brewery\" \/>\n<meta property=\"og:description\" content=\"This gin is a collaboration between P\u00f5hjala and Peninuki. We took fresh hops from the brewery and local juniper berries from the distillery, added little bit of fresh lemon and grapefruit peel just to make both main players shine. The result is a perfectly balanced &quot;less is more&quot; styled bright and light 4 ingredient gin.\" \/>\n<meta property=\"og:url\" content=\"https:\/\/shop.pohjalabeer.com\/en\/product\/pohjala-gin-x-peninuki\/\" \/>\n<meta property=\"og:site_name\" content=\"P\u00f5hjala Brewery\" \/>\n<meta property=\"article:modified_time\" content=\"2025-09-17T10:19:00+00:00\" \/>\n<meta property=\"og:image\" content=\"https:\/\/shop.pohjalabeer.com\/wp-content\/uploads\/2025\/03\/GIN_1-1.jpg\" \/>\n\t<meta property=\"og:image:width\" content=\"673\" \/>\n\t<meta property=\"og:image:height\" content=\"1310\" \/>\n\t<meta property=\"og:image:type\" content=\"image\/jpeg\" \/>\n<meta name=\"twitter:card\" content=\"summary_large_image\" \/>\n<meta name=\"twitter:label1\" content=\"Est. reading time\" \/>\n\t<meta name=\"twitter:data1\" content=\"1 minute\" \/>\n<script type=\"application\/ld+json\" class=\"yoast-schema-graph\">{\"@context\":\"https:\/\/schema.org\",\"@graph\":[{\"@type\":\"WebPage\",\"@id\":\"https:\/\/shop.pohjalabeer.com\/en\/product\/pohjala-gin-x-peninuki\/\",\"url\":\"https:\/\/shop.pohjalabeer.com\/en\/product\/pohjala-gin-x-peninuki\/\",\"name\":\"P\u00f5hjala Gin x Peninuki - P\u00f5hjala Brewery\",\"isPartOf\":{\"@id\":\"https:\/\/shop.pohjalabeer.com\/en\/#website\"},\"primaryImageOfPage\":{\"@id\":\"https:\/\/shop.pohjalabeer.com\/en\/product\/pohjala-gin-x-peninuki\/#primaryimage\"},\"image\":{\"@id\":\"https:\/\/shop.pohjalabeer.com\/en\/product\/pohjala-gin-x-peninuki\/#primaryimage\"},\"thumbnailUrl\":\"https:\/\/shop.pohjalabeer.com\/wp-content\/uploads\/2025\/03\/GIN_1-1.jpg\",\"datePublished\":\"2025-03-26T09:14:08+00:00\",\"dateModified\":\"2025-09-17T10:19:00+00:00\",\"breadcrumb\":{\"@id\":\"https:\/\/shop.pohjalabeer.com\/en\/product\/pohjala-gin-x-peninuki\/#breadcrumb\"},\"inLanguage\":\"en-US\",\"potentialAction\":[{\"@type\":\"ReadAction\",\"target\":[\"https:\/\/shop.pohjalabeer.com\/en\/product\/pohjala-gin-x-peninuki\/\"]}]},{\"@type\":\"ImageObject\",\"inLanguage\":\"en-US\",\"@id\":\"https:\/\/shop.pohjalabeer.com\/en\/product\/pohjala-gin-x-peninuki\/#primaryimage\",\"url\":\"https:\/\/shop.pohjalabeer.com\/wp-content\/uploads\/2025\/03\/GIN_1-1.jpg\",\"contentUrl\":\"https:\/\/shop.pohjalabeer.com\/wp-content\/uploads\/2025\/03\/GIN_1-1.jpg\",\"width\":673,\"height\":1310,\"caption\":\"P\u00f5hjala Gin\"},{\"@type\":\"BreadcrumbList\",\"@id\":\"https:\/\/shop.pohjalabeer.com\/en\/product\/pohjala-gin-x-peninuki\/#breadcrumb\",\"itemListElement\":[{\"@type\":\"ListItem\",\"position\":1,\"name\":\"Home\",\"item\":\"https:\/\/shop.pohjalabeer.com\/en\/\"},{\"@type\":\"ListItem\",\"position\":2,\"name\":\"Bakery Shop\",\"item\":\"https:\/\/shop.pohjalabeer.com\/en\/shop\/\"},{\"@type\":\"ListItem\",\"position\":3,\"name\":\"P\u00f5hjala Gin x Peninuki\"}]},{\"@type\":\"WebSite\",\"@id\":\"https:\/\/shop.pohjalabeer.com\/en\/#website\",\"url\":\"https:\/\/shop.pohjalabeer.com\/en\/\",\"name\":\"P\u00f5hjala Brewery\",\"description\":\"\",\"potentialAction\":[{\"@type\":\"SearchAction\",\"target\":{\"@type\":\"EntryPoint\",\"urlTemplate\":\"https:\/\/shop.pohjalabeer.com\/en\/?s={search_term_string}\"},\"query-input\":{\"@type\":\"PropertyValueSpecification\",\"valueRequired\":true,\"valueName\":\"search_term_string\"}}],\"inLanguage\":\"en-US\"}]}<\/script>\n<!-- \/ Yoast SEO plugin. -->","yoast_head_json":{"title":"P\u00f5hjala Gin x Peninuki - P\u00f5hjala Brewery","robots":{"index":"index","follow":"follow","max-snippet":"max-snippet:-1","max-image-preview":"max-image-preview:large","max-video-preview":"max-video-preview:-1"},"canonical":"https:\/\/shop.pohjalabeer.com\/en\/product\/pohjala-gin-x-peninuki\/","og_locale":"en_US","og_type":"article","og_title":"P\u00f5hjala Gin x Peninuki - P\u00f5hjala Brewery","og_description":"This gin is a collaboration between P\u00f5hjala and Peninuki. We took fresh hops from the brewery and local juniper berries from the distillery, added little bit of fresh lemon and grapefruit peel just to make both main players shine. The result is a perfectly balanced \"less is more\" styled bright and light 4 ingredient gin.","og_url":"https:\/\/shop.pohjalabeer.com\/en\/product\/pohjala-gin-x-peninuki\/","og_site_name":"P\u00f5hjala Brewery","article_modified_time":"2025-09-17T10:19:00+00:00","og_image":[{"width":673,"height":1310,"url":"https:\/\/shop.pohjalabeer.com\/wp-content\/uploads\/2025\/03\/GIN_1-1.jpg","type":"image\/jpeg"}],"twitter_card":"summary_large_image","twitter_misc":{"Est. reading time":"1 minute"},"schema":{"@context":"https:\/\/schema.org","@graph":[{"@type":"WebPage","@id":"https:\/\/shop.pohjalabeer.com\/en\/product\/pohjala-gin-x-peninuki\/","url":"https:\/\/shop.pohjalabeer.com\/en\/product\/pohjala-gin-x-peninuki\/","name":"P\u00f5hjala Gin x Peninuki - P\u00f5hjala Brewery","isPartOf":{"@id":"https:\/\/shop.pohjalabeer.com\/en\/#website"},"primaryImageOfPage":{"@id":"https:\/\/shop.pohjalabeer.com\/en\/product\/pohjala-gin-x-peninuki\/#primaryimage"},"image":{"@id":"https:\/\/shop.pohjalabeer.com\/en\/product\/pohjala-gin-x-peninuki\/#primaryimage"},"thumbnailUrl":"https:\/\/shop.pohjalabeer.com\/wp-content\/uploads\/2025\/03\/GIN_1-1.jpg","datePublished":"2025-03-26T09:14:08+00:00","dateModified":"2025-09-17T10:19:00+00:00","breadcrumb":{"@id":"https:\/\/shop.pohjalabeer.com\/en\/product\/pohjala-gin-x-peninuki\/#breadcrumb"},"inLanguage":"en-US","potentialAction":[{"@type":"ReadAction","target":["https:\/\/shop.pohjalabeer.com\/en\/product\/pohjala-gin-x-peninuki\/"]}]},{"@type":"ImageObject","inLanguage":"en-US","@id":"https:\/\/shop.pohjalabeer.com\/en\/product\/pohjala-gin-x-peninuki\/#primaryimage","url":"https:\/\/shop.pohjalabeer.com\/wp-content\/uploads\/2025\/03\/GIN_1-1.jpg","contentUrl":"https:\/\/shop.pohjalabeer.com\/wp-content\/uploads\/2025\/03\/GIN_1-1.jpg","width":673,"height":1310,"caption":"P\u00f5hjala Gin"},{"@type":"BreadcrumbList","@id":"https:\/\/shop.pohjalabeer.com\/en\/product\/pohjala-gin-x-peninuki\/#breadcrumb","itemListElement":[{"@type":"ListItem","position":1,"name":"Home","item":"https:\/\/shop.pohjalabeer.com\/en\/"},{"@type":"ListItem","position":2,"name":"Bakery Shop","item":"https:\/\/shop.pohjalabeer.com\/en\/shop\/"},{"@type":"ListItem","position":3,"name":"P\u00f5hjala Gin x Peninuki"}]},{"@type":"WebSite","@id":"https:\/\/shop.pohjalabeer.com\/en\/#website","url":"https:\/\/shop.pohjalabeer.com\/en\/","name":"P\u00f5hjala Brewery","description":"","potentialAction":[{"@type":"SearchAction","target":{"@type":"EntryPoint","urlTemplate":"https:\/\/shop.pohjalabeer.com\/en\/?s={search_term_string}"},"query-input":{"@type":"PropertyValueSpecification","valueRequired":true,"valueName":"search_term_string"}}],"inLanguage":"en-US"}]}},"_links":{"self":[{"href":"https:\/\/shop.pohjalabeer.com\/en\/wp-json\/wp\/v2\/product\/1544","targetHints":{"allow":["GET"]}}],"collection":[{"href":"https:\/\/shop.pohjalabeer.com\/en\/wp-json\/wp\/v2\/product"}],"about":[{"href":"https:\/\/shop.pohjalabeer.com\/en\/wp-json\/wp\/v2\/types\/product"}],"wp:featuredmedia":[{"embeddable":true,"href":"https:\/\/shop.pohjalabeer.com\/en\/wp-json\/wp\/v2\/media\/1861"}],"wp:attachment":[{"href":"https:\/\/shop.pohjalabeer.com\/en\/wp-json\/wp\/v2\/media?parent=1544"}],"wp:term":[{"taxonomy":"product_brand","embeddable":true,"href":"https:\/\/shop.pohjalabeer.com\/en\/wp-json\/wp\/v2\/product_brand?post=1544"},{"taxonomy":"product_cat","embeddable":true,"href":"https:\/\/shop.pohjalabeer.com\/en\/wp-json\/wp\/v2\/product_cat?post=1544"},{"taxonomy":"product_tag","embeddable":true,"href":"https:\/\/shop.pohjalabeer.com\/en\/wp-json\/wp\/v2\/product_tag?post=1544"}],"curies":[{"name":"wp","href":"https:\/\/api.w.org\/{rel}","templated":true}]}}