{"id":1566,"date":"2025-03-26T11:14:06","date_gmt":"2025-03-26T09:14:06","guid":{"rendered":"https:\/\/shop2.pohjalabeer.com\/product\/kupsetamine-teeb-onnelikuks\/"},"modified":"2025-11-24T10:12:06","modified_gmt":"2025-11-24T08:12:06","slug":"kupsetamine-teeb-onnelikuks","status":"publish","type":"product","link":"https:\/\/shop.pohjalabeer.com\/en\/product\/kupsetamine-teeb-onnelikuks\/","title":{"rendered":"K\u00fcpsetamine teeb \u00f5nnelikuks"},"content":{"rendered":"","protected":false},"excerpt":{"rendered":"Prantsuse ja Ameerika k\u00fcpsetised, Eestist inspireeritud. Autor: Hannah Holman \/\/ Kokaraamatu autor Hannah Holman on t\u00f6\u00f6tanud pagari ja kondiitrina tipptasemel toidukohtades \u00fcle ilma Ameerika \u00dchendriikidest Skandivaaviamaadeni, kuniks Eestis kanda kinnitas. \/\/ Raamatus leidub h\u00f5rke k\u00fcpsetisi alates erilistest k\u00fcpsistest kuni traditsiooniliste Ameerika pirukate ning Prantsuse saiadeni. K\u00f5ik retseptid on koostatud parasjagu Eesti v\u00f5tmes, et meie kogenud k\u00fcpsetajatele, aga ka algajatele jaguks nii klassikalisi kui ka uusi viise k\u00fcpsetamisr\u00f5\u00f5mu avastamiseks.","protected":false},"featured_media":1068,"template":"","meta":{"_acf_changed":false,"inline_featured_image":false},"product_brand":[],"product_cat":[187,204],"product_tag":[],"class_list":{"0":"post-1566","1":"product","2":"type-product","3":"status-publish","4":"has-post-thumbnail","6":"product_cat-merch","7":"product_cat-other","9":"first","10":"instock","11":"sale","12":"shipping-taxable","13":"purchasable","14":"product-type-simple"},"acf":[],"yoast_head":"<!-- This site is optimized with the Yoast SEO plugin v27.1.1 - https:\/\/yoast.com\/product\/yoast-seo-wordpress\/ -->\n<title>K\u00fcpsetamine teeb \u00f5nnelikuks - P\u00f5hjala Brewery<\/title>\n<meta name=\"robots\" content=\"index, follow, max-snippet:-1, max-image-preview:large, max-video-preview:-1\" \/>\n<link rel=\"canonical\" href=\"https:\/\/shop.pohjalabeer.com\/en\/product\/kupsetamine-teeb-onnelikuks\/\" \/>\n<meta property=\"og:locale\" content=\"en_US\" \/>\n<meta property=\"og:type\" content=\"article\" \/>\n<meta property=\"og:title\" content=\"K\u00fcpsetamine teeb \u00f5nnelikuks - P\u00f5hjala Brewery\" \/>\n<meta property=\"og:description\" content=\"Prantsuse ja Ameerika k\u00fcpsetised, Eestist inspireeritud. Autor: Hannah Holman \/\/ Kokaraamatu autor Hannah Holman on t\u00f6\u00f6tanud pagari ja kondiitrina tipptasemel toidukohtades \u00fcle ilma Ameerika \u00dchendriikidest Skandivaaviamaadeni, kuniks Eestis kanda kinnitas. \/\/ Raamatus leidub h\u00f5rke k\u00fcpsetisi alates erilistest k\u00fcpsistest kuni traditsiooniliste Ameerika pirukate ning Prantsuse saiadeni. K\u00f5ik retseptid on koostatud parasjagu Eesti v\u00f5tmes, et meie kogenud k\u00fcpsetajatele, aga ka algajatele jaguks nii klassikalisi kui ka uusi viise k\u00fcpsetamisr\u00f5\u00f5mu avastamiseks.\" \/>\n<meta property=\"og:url\" content=\"https:\/\/shop.pohjalabeer.com\/en\/product\/kupsetamine-teeb-onnelikuks\/\" \/>\n<meta property=\"og:site_name\" content=\"P\u00f5hjala Brewery\" \/>\n<meta property=\"article:modified_time\" content=\"2025-11-24T08:12:06+00:00\" \/>\n<meta property=\"og:image\" content=\"https:\/\/shop.pohjalabeer.com\/wp-content\/uploads\/2025\/03\/5752403250024.jpg\" \/>\n\t<meta property=\"og:image:width\" content=\"597\" \/>\n\t<meta property=\"og:image:height\" content=\"744\" \/>\n\t<meta property=\"og:image:type\" content=\"image\/png\" \/>\n<meta name=\"twitter:card\" content=\"summary_large_image\" \/>\n<meta name=\"twitter:label1\" content=\"Est. reading time\" \/>\n\t<meta name=\"twitter:data1\" content=\"1 minute\" \/>\n<script type=\"application\/ld+json\" class=\"yoast-schema-graph\">{\"@context\":\"https:\/\/schema.org\",\"@graph\":[{\"@type\":\"WebPage\",\"@id\":\"https:\/\/shop.pohjalabeer.com\/en\/product\/kupsetamine-teeb-onnelikuks\/\",\"url\":\"https:\/\/shop.pohjalabeer.com\/en\/product\/kupsetamine-teeb-onnelikuks\/\",\"name\":\"K\u00fcpsetamine teeb \u00f5nnelikuks - P\u00f5hjala Brewery\",\"isPartOf\":{\"@id\":\"https:\/\/shop.pohjalabeer.com\/en\/#website\"},\"primaryImageOfPage\":{\"@id\":\"https:\/\/shop.pohjalabeer.com\/en\/product\/kupsetamine-teeb-onnelikuks\/#primaryimage\"},\"image\":{\"@id\":\"https:\/\/shop.pohjalabeer.com\/en\/product\/kupsetamine-teeb-onnelikuks\/#primaryimage\"},\"thumbnailUrl\":\"https:\/\/shop.pohjalabeer.com\/wp-content\/uploads\/2025\/03\/5752403250024.jpg\",\"datePublished\":\"2025-03-26T09:14:06+00:00\",\"dateModified\":\"2025-11-24T08:12:06+00:00\",\"breadcrumb\":{\"@id\":\"https:\/\/shop.pohjalabeer.com\/en\/product\/kupsetamine-teeb-onnelikuks\/#breadcrumb\"},\"inLanguage\":\"en-US\",\"potentialAction\":[{\"@type\":\"ReadAction\",\"target\":[\"https:\/\/shop.pohjalabeer.com\/en\/product\/kupsetamine-teeb-onnelikuks\/\"]}]},{\"@type\":\"ImageObject\",\"inLanguage\":\"en-US\",\"@id\":\"https:\/\/shop.pohjalabeer.com\/en\/product\/kupsetamine-teeb-onnelikuks\/#primaryimage\",\"url\":\"https:\/\/shop.pohjalabeer.com\/wp-content\/uploads\/2025\/03\/5752403250024.jpg\",\"contentUrl\":\"https:\/\/shop.pohjalabeer.com\/wp-content\/uploads\/2025\/03\/5752403250024.jpg\",\"width\":597,\"height\":744},{\"@type\":\"BreadcrumbList\",\"@id\":\"https:\/\/shop.pohjalabeer.com\/en\/product\/kupsetamine-teeb-onnelikuks\/#breadcrumb\",\"itemListElement\":[{\"@type\":\"ListItem\",\"position\":1,\"name\":\"Home\",\"item\":\"https:\/\/shop.pohjalabeer.com\/en\/\"},{\"@type\":\"ListItem\",\"position\":2,\"name\":\"Bakery Shop\",\"item\":\"https:\/\/shop.pohjalabeer.com\/en\/shop\/\"},{\"@type\":\"ListItem\",\"position\":3,\"name\":\"K\u00fcpsetamine teeb \u00f5nnelikuks\"}]},{\"@type\":\"WebSite\",\"@id\":\"https:\/\/shop.pohjalabeer.com\/en\/#website\",\"url\":\"https:\/\/shop.pohjalabeer.com\/en\/\",\"name\":\"P\u00f5hjala Brewery\",\"description\":\"\",\"potentialAction\":[{\"@type\":\"SearchAction\",\"target\":{\"@type\":\"EntryPoint\",\"urlTemplate\":\"https:\/\/shop.pohjalabeer.com\/en\/?s={search_term_string}\"},\"query-input\":{\"@type\":\"PropertyValueSpecification\",\"valueRequired\":true,\"valueName\":\"search_term_string\"}}],\"inLanguage\":\"en-US\"}]}<\/script>\n<!-- \/ Yoast SEO plugin. -->","yoast_head_json":{"title":"K\u00fcpsetamine teeb \u00f5nnelikuks - P\u00f5hjala Brewery","robots":{"index":"index","follow":"follow","max-snippet":"max-snippet:-1","max-image-preview":"max-image-preview:large","max-video-preview":"max-video-preview:-1"},"canonical":"https:\/\/shop.pohjalabeer.com\/en\/product\/kupsetamine-teeb-onnelikuks\/","og_locale":"en_US","og_type":"article","og_title":"K\u00fcpsetamine teeb \u00f5nnelikuks - P\u00f5hjala Brewery","og_description":"Prantsuse ja Ameerika k\u00fcpsetised, Eestist inspireeritud. Autor: Hannah Holman \/\/ Kokaraamatu autor Hannah Holman on t\u00f6\u00f6tanud pagari ja kondiitrina tipptasemel toidukohtades \u00fcle ilma Ameerika \u00dchendriikidest Skandivaaviamaadeni, kuniks Eestis kanda kinnitas. \/\/ Raamatus leidub h\u00f5rke k\u00fcpsetisi alates erilistest k\u00fcpsistest kuni traditsiooniliste Ameerika pirukate ning Prantsuse saiadeni. K\u00f5ik retseptid on koostatud parasjagu Eesti v\u00f5tmes, et meie kogenud k\u00fcpsetajatele, aga ka algajatele jaguks nii klassikalisi kui ka uusi viise k\u00fcpsetamisr\u00f5\u00f5mu avastamiseks.","og_url":"https:\/\/shop.pohjalabeer.com\/en\/product\/kupsetamine-teeb-onnelikuks\/","og_site_name":"P\u00f5hjala Brewery","article_modified_time":"2025-11-24T08:12:06+00:00","og_image":[{"width":597,"height":744,"url":"https:\/\/shop.pohjalabeer.com\/wp-content\/uploads\/2025\/03\/5752403250024.jpg","type":"image\/png"}],"twitter_card":"summary_large_image","twitter_misc":{"Est. reading time":"1 minute"},"schema":{"@context":"https:\/\/schema.org","@graph":[{"@type":"WebPage","@id":"https:\/\/shop.pohjalabeer.com\/en\/product\/kupsetamine-teeb-onnelikuks\/","url":"https:\/\/shop.pohjalabeer.com\/en\/product\/kupsetamine-teeb-onnelikuks\/","name":"K\u00fcpsetamine teeb \u00f5nnelikuks - P\u00f5hjala Brewery","isPartOf":{"@id":"https:\/\/shop.pohjalabeer.com\/en\/#website"},"primaryImageOfPage":{"@id":"https:\/\/shop.pohjalabeer.com\/en\/product\/kupsetamine-teeb-onnelikuks\/#primaryimage"},"image":{"@id":"https:\/\/shop.pohjalabeer.com\/en\/product\/kupsetamine-teeb-onnelikuks\/#primaryimage"},"thumbnailUrl":"https:\/\/shop.pohjalabeer.com\/wp-content\/uploads\/2025\/03\/5752403250024.jpg","datePublished":"2025-03-26T09:14:06+00:00","dateModified":"2025-11-24T08:12:06+00:00","breadcrumb":{"@id":"https:\/\/shop.pohjalabeer.com\/en\/product\/kupsetamine-teeb-onnelikuks\/#breadcrumb"},"inLanguage":"en-US","potentialAction":[{"@type":"ReadAction","target":["https:\/\/shop.pohjalabeer.com\/en\/product\/kupsetamine-teeb-onnelikuks\/"]}]},{"@type":"ImageObject","inLanguage":"en-US","@id":"https:\/\/shop.pohjalabeer.com\/en\/product\/kupsetamine-teeb-onnelikuks\/#primaryimage","url":"https:\/\/shop.pohjalabeer.com\/wp-content\/uploads\/2025\/03\/5752403250024.jpg","contentUrl":"https:\/\/shop.pohjalabeer.com\/wp-content\/uploads\/2025\/03\/5752403250024.jpg","width":597,"height":744},{"@type":"BreadcrumbList","@id":"https:\/\/shop.pohjalabeer.com\/en\/product\/kupsetamine-teeb-onnelikuks\/#breadcrumb","itemListElement":[{"@type":"ListItem","position":1,"name":"Home","item":"https:\/\/shop.pohjalabeer.com\/en\/"},{"@type":"ListItem","position":2,"name":"Bakery Shop","item":"https:\/\/shop.pohjalabeer.com\/en\/shop\/"},{"@type":"ListItem","position":3,"name":"K\u00fcpsetamine teeb \u00f5nnelikuks"}]},{"@type":"WebSite","@id":"https:\/\/shop.pohjalabeer.com\/en\/#website","url":"https:\/\/shop.pohjalabeer.com\/en\/","name":"P\u00f5hjala Brewery","description":"","potentialAction":[{"@type":"SearchAction","target":{"@type":"EntryPoint","urlTemplate":"https:\/\/shop.pohjalabeer.com\/en\/?s={search_term_string}"},"query-input":{"@type":"PropertyValueSpecification","valueRequired":true,"valueName":"search_term_string"}}],"inLanguage":"en-US"}]}},"_links":{"self":[{"href":"https:\/\/shop.pohjalabeer.com\/en\/wp-json\/wp\/v2\/product\/1566","targetHints":{"allow":["GET"]}}],"collection":[{"href":"https:\/\/shop.pohjalabeer.com\/en\/wp-json\/wp\/v2\/product"}],"about":[{"href":"https:\/\/shop.pohjalabeer.com\/en\/wp-json\/wp\/v2\/types\/product"}],"wp:featuredmedia":[{"embeddable":true,"href":"https:\/\/shop.pohjalabeer.com\/en\/wp-json\/wp\/v2\/media\/1068"}],"wp:attachment":[{"href":"https:\/\/shop.pohjalabeer.com\/en\/wp-json\/wp\/v2\/media?parent=1566"}],"wp:term":[{"taxonomy":"product_brand","embeddable":true,"href":"https:\/\/shop.pohjalabeer.com\/en\/wp-json\/wp\/v2\/product_brand?post=1566"},{"taxonomy":"product_cat","embeddable":true,"href":"https:\/\/shop.pohjalabeer.com\/en\/wp-json\/wp\/v2\/product_cat?post=1566"},{"taxonomy":"product_tag","embeddable":true,"href":"https:\/\/shop.pohjalabeer.com\/en\/wp-json\/wp\/v2\/product_tag?post=1566"}],"curies":[{"name":"wp","href":"https:\/\/api.w.org\/{rel}","templated":true}]}}