{"id":2931,"date":"2025-11-05T13:39:27","date_gmt":"2025-11-05T11:39:27","guid":{"rendered":"https:\/\/shop.pohjalabeer.com\/?post_type=product&#038;p=2931"},"modified":"2025-11-25T14:10:19","modified_gmt":"2025-11-25T12:10:19","slug":"cherry-of-my-eye-x-lindheim-kopeeri","status":"publish","type":"product","link":"https:\/\/shop.pohjalabeer.com\/en\/product\/cherry-of-my-eye-x-lindheim-kopeeri\/","title":{"rendered":"Pime \u00d6\u00f6 PX"},"content":{"rendered":"","protected":false},"excerpt":{"rendered":"<span class=\"TextRun SCXW106827655 BCX8\" lang=\"ET-EE\" xml:lang=\"ET-EE\" data-contrast=\"auto\"><span class=\"NormalTextRun SpellingErrorV2Themed SCXW106827655 BCX8\">An<\/span> <span class=\"NormalTextRun SpellingErrorV2Themed SCXW106827655 BCX8\">imperial<\/span> <span class=\"NormalTextRun SpellingErrorV2Themed SCXW106827655 BCX8\">stout<\/span> <span class=\"NormalTextRun SpellingErrorV2Themed SCXW106827655 BCX8\">brewed<\/span> <span class=\"NormalTextRun SpellingErrorV2Themed SCXW106827655 BCX8\">for<\/span> <span class=\"NormalTextRun SpellingErrorV2Themed SCXW106827655 BCX8\">the<\/span> <span class=\"NormalTextRun SpellingErrorV2Themed SCXW106827655 BCX8\">darkest<\/span> <span class=\"NormalTextRun SpellingErrorV2Themed SCXW106827655 BCX8\">night<\/span><span class=\"NormalTextRun SCXW106827655 BCX8\"> of <\/span><span class=\"NormalTextRun SpellingErrorV2Themed SCXW106827655 BCX8\">the<\/span> <span class=\"NormalTextRun SpellingErrorV2Themed SCXW106827655 BCX8\">year<\/span><span class=\"NormalTextRun SCXW106827655 BCX8\">, <\/span><span class=\"NormalTextRun SpellingErrorV2Themed SCXW106827655 BCX8\">aged<\/span><span class=\"NormalTextRun SCXW106827655 BCX8\"> in <\/span><span class=\"NormalTextRun SpellingErrorV2Themed SCXW106827655 BCX8\">Pedro<\/span> <span class=\"NormalTextRun SpellingErrorV2Themed SCXW106827655 BCX8\">Ximenez<\/span> <span class=\"NormalTextRun SpellingErrorV2Themed SCXW106827655 BCX8\">sherry<\/span> <span class=\"NormalTextRun SpellingErrorV2Themed SCXW106827655 BCX8\">casks<\/span><span class=\"NormalTextRun SCXW106827655 BCX8\">.<\/span><\/span>","protected":false},"featured_media":2933,"template":"","meta":{"_acf_changed":false,"inline_featured_image":false},"product_brand":[],"product_cat":[217,175,102],"product_tag":[],"class_list":{"0":"post-2931","1":"product","2":"type-product","3":"status-publish","4":"has-post-thumbnail","6":"product_cat-sour","7":"product_cat-beer-en","8":"product_cat-cellar-series","10":"first","11":"instock","12":"shipping-taxable","13":"purchasable","14":"product-type-simple"},"acf":[],"yoast_head":"<!-- This site is optimized with the Yoast SEO plugin v27.1.1 - https:\/\/yoast.com\/product\/yoast-seo-wordpress\/ -->\n<title>Pime \u00d6\u00f6 PX - P\u00f5hjala Brewery<\/title>\n<meta name=\"robots\" content=\"index, follow, max-snippet:-1, max-image-preview:large, max-video-preview:-1\" \/>\n<link rel=\"canonical\" href=\"https:\/\/shop.pohjalabeer.com\/en\/product\/cherry-of-my-eye-x-lindheim-kopeeri\/\" \/>\n<meta property=\"og:locale\" content=\"en_US\" \/>\n<meta property=\"og:type\" content=\"article\" \/>\n<meta property=\"og:title\" content=\"Pime \u00d6\u00f6 PX - P\u00f5hjala Brewery\" \/>\n<meta property=\"og:description\" content=\"An imperial stout brewed for the darkest night of the year, aged in Pedro Ximenez sherry casks.\" \/>\n<meta property=\"og:url\" content=\"https:\/\/shop.pohjalabeer.com\/en\/product\/cherry-of-my-eye-x-lindheim-kopeeri\/\" \/>\n<meta property=\"og:site_name\" content=\"P\u00f5hjala Brewery\" \/>\n<meta property=\"article:modified_time\" content=\"2025-11-25T12:10:19+00:00\" \/>\n<meta property=\"og:image\" content=\"https:\/\/shop.pohjalabeer.com\/wp-content\/uploads\/2025\/11\/Bottle-shot-no-shadow-Pime-Oo-PX-scaled.png\" \/>\n\t<meta property=\"og:image:width\" content=\"1\" \/>\n\t<meta property=\"og:image:height\" content=\"1\" \/>\n\t<meta property=\"og:image:type\" content=\"image\/png\" \/>\n<meta name=\"twitter:card\" content=\"summary_large_image\" \/>\n<meta name=\"twitter:label1\" content=\"Est. reading time\" \/>\n\t<meta name=\"twitter:data1\" content=\"1 minute\" \/>\n<script type=\"application\/ld+json\" class=\"yoast-schema-graph\">{\"@context\":\"https:\/\/schema.org\",\"@graph\":[{\"@type\":\"WebPage\",\"@id\":\"https:\/\/shop.pohjalabeer.com\/en\/product\/cherry-of-my-eye-x-lindheim-kopeeri\/\",\"url\":\"https:\/\/shop.pohjalabeer.com\/en\/product\/cherry-of-my-eye-x-lindheim-kopeeri\/\",\"name\":\"Pime \u00d6\u00f6 PX - P\u00f5hjala Brewery\",\"isPartOf\":{\"@id\":\"https:\/\/shop.pohjalabeer.com\/en\/#website\"},\"primaryImageOfPage\":{\"@id\":\"https:\/\/shop.pohjalabeer.com\/en\/product\/cherry-of-my-eye-x-lindheim-kopeeri\/#primaryimage\"},\"image\":{\"@id\":\"https:\/\/shop.pohjalabeer.com\/en\/product\/cherry-of-my-eye-x-lindheim-kopeeri\/#primaryimage\"},\"thumbnailUrl\":\"https:\/\/shop.pohjalabeer.com\/wp-content\/uploads\/2025\/11\/Bottle-shot-no-shadow-Pime-Oo-PX-scaled.png\",\"datePublished\":\"2025-11-05T11:39:27+00:00\",\"dateModified\":\"2025-11-25T12:10:19+00:00\",\"breadcrumb\":{\"@id\":\"https:\/\/shop.pohjalabeer.com\/en\/product\/cherry-of-my-eye-x-lindheim-kopeeri\/#breadcrumb\"},\"inLanguage\":\"en-US\",\"potentialAction\":[{\"@type\":\"ReadAction\",\"target\":[\"https:\/\/shop.pohjalabeer.com\/en\/product\/cherry-of-my-eye-x-lindheim-kopeeri\/\"]}]},{\"@type\":\"ImageObject\",\"inLanguage\":\"en-US\",\"@id\":\"https:\/\/shop.pohjalabeer.com\/en\/product\/cherry-of-my-eye-x-lindheim-kopeeri\/#primaryimage\",\"url\":\"https:\/\/shop.pohjalabeer.com\/wp-content\/uploads\/2025\/11\/Bottle-shot-no-shadow-Pime-Oo-PX-scaled.png\",\"contentUrl\":\"https:\/\/shop.pohjalabeer.com\/wp-content\/uploads\/2025\/11\/Bottle-shot-no-shadow-Pime-Oo-PX-scaled.png\"},{\"@type\":\"BreadcrumbList\",\"@id\":\"https:\/\/shop.pohjalabeer.com\/en\/product\/cherry-of-my-eye-x-lindheim-kopeeri\/#breadcrumb\",\"itemListElement\":[{\"@type\":\"ListItem\",\"position\":1,\"name\":\"Home\",\"item\":\"https:\/\/shop.pohjalabeer.com\/en\/\"},{\"@type\":\"ListItem\",\"position\":2,\"name\":\"Bakery Shop\",\"item\":\"https:\/\/shop.pohjalabeer.com\/en\/shop\/\"},{\"@type\":\"ListItem\",\"position\":3,\"name\":\"Pime \u00d6\u00f6 PX\"}]},{\"@type\":\"WebSite\",\"@id\":\"https:\/\/shop.pohjalabeer.com\/en\/#website\",\"url\":\"https:\/\/shop.pohjalabeer.com\/en\/\",\"name\":\"P\u00f5hjala Brewery\",\"description\":\"\",\"potentialAction\":[{\"@type\":\"SearchAction\",\"target\":{\"@type\":\"EntryPoint\",\"urlTemplate\":\"https:\/\/shop.pohjalabeer.com\/en\/?s={search_term_string}\"},\"query-input\":{\"@type\":\"PropertyValueSpecification\",\"valueRequired\":true,\"valueName\":\"search_term_string\"}}],\"inLanguage\":\"en-US\"}]}<\/script>\n<!-- \/ Yoast SEO plugin. -->","yoast_head_json":{"title":"Pime \u00d6\u00f6 PX - P\u00f5hjala Brewery","robots":{"index":"index","follow":"follow","max-snippet":"max-snippet:-1","max-image-preview":"max-image-preview:large","max-video-preview":"max-video-preview:-1"},"canonical":"https:\/\/shop.pohjalabeer.com\/en\/product\/cherry-of-my-eye-x-lindheim-kopeeri\/","og_locale":"en_US","og_type":"article","og_title":"Pime \u00d6\u00f6 PX - P\u00f5hjala Brewery","og_description":"An imperial stout brewed for the darkest night of the year, aged in Pedro Ximenez sherry casks.","og_url":"https:\/\/shop.pohjalabeer.com\/en\/product\/cherry-of-my-eye-x-lindheim-kopeeri\/","og_site_name":"P\u00f5hjala Brewery","article_modified_time":"2025-11-25T12:10:19+00:00","og_image":[{"url":"https:\/\/shop.pohjalabeer.com\/wp-content\/uploads\/2025\/11\/Bottle-shot-no-shadow-Pime-Oo-PX-scaled.png","width":1,"height":1,"type":"image\/png"}],"twitter_card":"summary_large_image","twitter_misc":{"Est. reading time":"1 minute"},"schema":{"@context":"https:\/\/schema.org","@graph":[{"@type":"WebPage","@id":"https:\/\/shop.pohjalabeer.com\/en\/product\/cherry-of-my-eye-x-lindheim-kopeeri\/","url":"https:\/\/shop.pohjalabeer.com\/en\/product\/cherry-of-my-eye-x-lindheim-kopeeri\/","name":"Pime \u00d6\u00f6 PX - P\u00f5hjala Brewery","isPartOf":{"@id":"https:\/\/shop.pohjalabeer.com\/en\/#website"},"primaryImageOfPage":{"@id":"https:\/\/shop.pohjalabeer.com\/en\/product\/cherry-of-my-eye-x-lindheim-kopeeri\/#primaryimage"},"image":{"@id":"https:\/\/shop.pohjalabeer.com\/en\/product\/cherry-of-my-eye-x-lindheim-kopeeri\/#primaryimage"},"thumbnailUrl":"https:\/\/shop.pohjalabeer.com\/wp-content\/uploads\/2025\/11\/Bottle-shot-no-shadow-Pime-Oo-PX-scaled.png","datePublished":"2025-11-05T11:39:27+00:00","dateModified":"2025-11-25T12:10:19+00:00","breadcrumb":{"@id":"https:\/\/shop.pohjalabeer.com\/en\/product\/cherry-of-my-eye-x-lindheim-kopeeri\/#breadcrumb"},"inLanguage":"en-US","potentialAction":[{"@type":"ReadAction","target":["https:\/\/shop.pohjalabeer.com\/en\/product\/cherry-of-my-eye-x-lindheim-kopeeri\/"]}]},{"@type":"ImageObject","inLanguage":"en-US","@id":"https:\/\/shop.pohjalabeer.com\/en\/product\/cherry-of-my-eye-x-lindheim-kopeeri\/#primaryimage","url":"https:\/\/shop.pohjalabeer.com\/wp-content\/uploads\/2025\/11\/Bottle-shot-no-shadow-Pime-Oo-PX-scaled.png","contentUrl":"https:\/\/shop.pohjalabeer.com\/wp-content\/uploads\/2025\/11\/Bottle-shot-no-shadow-Pime-Oo-PX-scaled.png"},{"@type":"BreadcrumbList","@id":"https:\/\/shop.pohjalabeer.com\/en\/product\/cherry-of-my-eye-x-lindheim-kopeeri\/#breadcrumb","itemListElement":[{"@type":"ListItem","position":1,"name":"Home","item":"https:\/\/shop.pohjalabeer.com\/en\/"},{"@type":"ListItem","position":2,"name":"Bakery Shop","item":"https:\/\/shop.pohjalabeer.com\/en\/shop\/"},{"@type":"ListItem","position":3,"name":"Pime \u00d6\u00f6 PX"}]},{"@type":"WebSite","@id":"https:\/\/shop.pohjalabeer.com\/en\/#website","url":"https:\/\/shop.pohjalabeer.com\/en\/","name":"P\u00f5hjala Brewery","description":"","potentialAction":[{"@type":"SearchAction","target":{"@type":"EntryPoint","urlTemplate":"https:\/\/shop.pohjalabeer.com\/en\/?s={search_term_string}"},"query-input":{"@type":"PropertyValueSpecification","valueRequired":true,"valueName":"search_term_string"}}],"inLanguage":"en-US"}]}},"_links":{"self":[{"href":"https:\/\/shop.pohjalabeer.com\/en\/wp-json\/wp\/v2\/product\/2931","targetHints":{"allow":["GET"]}}],"collection":[{"href":"https:\/\/shop.pohjalabeer.com\/en\/wp-json\/wp\/v2\/product"}],"about":[{"href":"https:\/\/shop.pohjalabeer.com\/en\/wp-json\/wp\/v2\/types\/product"}],"wp:featuredmedia":[{"embeddable":true,"href":"https:\/\/shop.pohjalabeer.com\/en\/wp-json\/wp\/v2\/media\/2933"}],"wp:attachment":[{"href":"https:\/\/shop.pohjalabeer.com\/en\/wp-json\/wp\/v2\/media?parent=2931"}],"wp:term":[{"taxonomy":"product_brand","embeddable":true,"href":"https:\/\/shop.pohjalabeer.com\/en\/wp-json\/wp\/v2\/product_brand?post=2931"},{"taxonomy":"product_cat","embeddable":true,"href":"https:\/\/shop.pohjalabeer.com\/en\/wp-json\/wp\/v2\/product_cat?post=2931"},{"taxonomy":"product_tag","embeddable":true,"href":"https:\/\/shop.pohjalabeer.com\/en\/wp-json\/wp\/v2\/product_tag?post=2931"}],"curies":[{"name":"wp","href":"https:\/\/api.w.org\/{rel}","templated":true}]}}