{"id":3485,"date":"2026-01-15T14:52:29","date_gmt":"2026-01-15T12:52:29","guid":{"rendered":"https:\/\/shop.pohjalabeer.com\/?post_type=product&#038;p=3485"},"modified":"2026-01-16T11:28:03","modified_gmt":"2026-01-16T09:28:03","slug":"oo-cassis-kopeeri","status":"publish","type":"product","link":"https:\/\/shop.pohjalabeer.com\/en\/product\/oo-cassis-kopeeri\/","title":{"rendered":"\u00d6\u00f6 Raspberry"},"content":{"rendered":"","protected":false},"excerpt":{"rendered":"A lush and jammy imperial Baltic porter brewed with a mountain of raspberries.","protected":false},"featured_media":3487,"template":"","meta":{"_acf_changed":false,"inline_featured_image":false},"product_brand":[],"product_cat":[219,175,193],"product_tag":[],"class_list":{"0":"post-3485","1":"product","2":"type-product","3":"status-publish","4":"has-post-thumbnail","6":"product_cat-dark","7":"product_cat-beer-en","8":"product_cat-specialty-beers","10":"first","11":"instock","12":"shipping-taxable","13":"purchasable","14":"product-type-simple"},"acf":[],"yoast_head":"<!-- This site is optimized with the Yoast SEO plugin v27.1.1 - https:\/\/yoast.com\/product\/yoast-seo-wordpress\/ -->\n<title>\u00d6\u00f6 Raspberry - P\u00f5hjala Brewery<\/title>\n<meta name=\"robots\" content=\"index, follow, max-snippet:-1, max-image-preview:large, max-video-preview:-1\" \/>\n<link rel=\"canonical\" href=\"https:\/\/shop.pohjalabeer.com\/en\/product\/oo-cassis-kopeeri\/\" \/>\n<meta property=\"og:locale\" content=\"en_US\" \/>\n<meta property=\"og:type\" content=\"article\" \/>\n<meta property=\"og:title\" content=\"\u00d6\u00f6 Raspberry - P\u00f5hjala Brewery\" \/>\n<meta property=\"og:description\" content=\"A lush and jammy imperial Baltic porter brewed with a mountain of raspberries.\" \/>\n<meta property=\"og:url\" content=\"https:\/\/shop.pohjalabeer.com\/en\/product\/oo-cassis-kopeeri\/\" \/>\n<meta property=\"og:site_name\" content=\"P\u00f5hjala Brewery\" \/>\n<meta property=\"article:modified_time\" content=\"2026-01-16T09:28:03+00:00\" \/>\n<meta property=\"og:image\" content=\"https:\/\/shop.pohjalabeer.com\/wp-content\/uploads\/2026\/01\/Bottle-shot-no-shadow-Oo-Raspberry-scaled.png\" \/>\n\t<meta property=\"og:image:width\" content=\"647\" \/>\n\t<meta property=\"og:image:height\" content=\"2560\" \/>\n\t<meta property=\"og:image:type\" content=\"image\/png\" \/>\n<meta name=\"twitter:card\" content=\"summary_large_image\" \/>\n<meta name=\"twitter:label1\" content=\"Est. reading time\" \/>\n\t<meta name=\"twitter:data1\" content=\"1 minute\" \/>\n<script type=\"application\/ld+json\" class=\"yoast-schema-graph\">{\"@context\":\"https:\/\/schema.org\",\"@graph\":[{\"@type\":\"WebPage\",\"@id\":\"https:\/\/shop.pohjalabeer.com\/en\/product\/oo-cassis-kopeeri\/\",\"url\":\"https:\/\/shop.pohjalabeer.com\/en\/product\/oo-cassis-kopeeri\/\",\"name\":\"\u00d6\u00f6 Raspberry - P\u00f5hjala Brewery\",\"isPartOf\":{\"@id\":\"https:\/\/shop.pohjalabeer.com\/en\/#website\"},\"primaryImageOfPage\":{\"@id\":\"https:\/\/shop.pohjalabeer.com\/en\/product\/oo-cassis-kopeeri\/#primaryimage\"},\"image\":{\"@id\":\"https:\/\/shop.pohjalabeer.com\/en\/product\/oo-cassis-kopeeri\/#primaryimage\"},\"thumbnailUrl\":\"https:\/\/shop.pohjalabeer.com\/wp-content\/uploads\/2026\/01\/Bottle-shot-no-shadow-Oo-Raspberry-scaled.png\",\"datePublished\":\"2026-01-15T12:52:29+00:00\",\"dateModified\":\"2026-01-16T09:28:03+00:00\",\"breadcrumb\":{\"@id\":\"https:\/\/shop.pohjalabeer.com\/en\/product\/oo-cassis-kopeeri\/#breadcrumb\"},\"inLanguage\":\"en-US\",\"potentialAction\":[{\"@type\":\"ReadAction\",\"target\":[\"https:\/\/shop.pohjalabeer.com\/en\/product\/oo-cassis-kopeeri\/\"]}]},{\"@type\":\"ImageObject\",\"inLanguage\":\"en-US\",\"@id\":\"https:\/\/shop.pohjalabeer.com\/en\/product\/oo-cassis-kopeeri\/#primaryimage\",\"url\":\"https:\/\/shop.pohjalabeer.com\/wp-content\/uploads\/2026\/01\/Bottle-shot-no-shadow-Oo-Raspberry-scaled.png\",\"contentUrl\":\"https:\/\/shop.pohjalabeer.com\/wp-content\/uploads\/2026\/01\/Bottle-shot-no-shadow-Oo-Raspberry-scaled.png\",\"width\":647,\"height\":2560},{\"@type\":\"BreadcrumbList\",\"@id\":\"https:\/\/shop.pohjalabeer.com\/en\/product\/oo-cassis-kopeeri\/#breadcrumb\",\"itemListElement\":[{\"@type\":\"ListItem\",\"position\":1,\"name\":\"Home\",\"item\":\"https:\/\/shop.pohjalabeer.com\/en\/\"},{\"@type\":\"ListItem\",\"position\":2,\"name\":\"Bakery Shop\",\"item\":\"https:\/\/shop.pohjalabeer.com\/en\/shop\/\"},{\"@type\":\"ListItem\",\"position\":3,\"name\":\"\u00d6\u00f6 Raspberry\"}]},{\"@type\":\"WebSite\",\"@id\":\"https:\/\/shop.pohjalabeer.com\/en\/#website\",\"url\":\"https:\/\/shop.pohjalabeer.com\/en\/\",\"name\":\"P\u00f5hjala Brewery\",\"description\":\"\",\"potentialAction\":[{\"@type\":\"SearchAction\",\"target\":{\"@type\":\"EntryPoint\",\"urlTemplate\":\"https:\/\/shop.pohjalabeer.com\/en\/?s={search_term_string}\"},\"query-input\":{\"@type\":\"PropertyValueSpecification\",\"valueRequired\":true,\"valueName\":\"search_term_string\"}}],\"inLanguage\":\"en-US\"}]}<\/script>\n<!-- \/ Yoast SEO plugin. -->","yoast_head_json":{"title":"\u00d6\u00f6 Raspberry - P\u00f5hjala Brewery","robots":{"index":"index","follow":"follow","max-snippet":"max-snippet:-1","max-image-preview":"max-image-preview:large","max-video-preview":"max-video-preview:-1"},"canonical":"https:\/\/shop.pohjalabeer.com\/en\/product\/oo-cassis-kopeeri\/","og_locale":"en_US","og_type":"article","og_title":"\u00d6\u00f6 Raspberry - P\u00f5hjala Brewery","og_description":"A lush and jammy imperial Baltic porter brewed with a mountain of raspberries.","og_url":"https:\/\/shop.pohjalabeer.com\/en\/product\/oo-cassis-kopeeri\/","og_site_name":"P\u00f5hjala Brewery","article_modified_time":"2026-01-16T09:28:03+00:00","og_image":[{"width":647,"height":2560,"url":"https:\/\/shop.pohjalabeer.com\/wp-content\/uploads\/2026\/01\/Bottle-shot-no-shadow-Oo-Raspberry-scaled.png","type":"image\/png"}],"twitter_card":"summary_large_image","twitter_misc":{"Est. reading time":"1 minute"},"schema":{"@context":"https:\/\/schema.org","@graph":[{"@type":"WebPage","@id":"https:\/\/shop.pohjalabeer.com\/en\/product\/oo-cassis-kopeeri\/","url":"https:\/\/shop.pohjalabeer.com\/en\/product\/oo-cassis-kopeeri\/","name":"\u00d6\u00f6 Raspberry - P\u00f5hjala Brewery","isPartOf":{"@id":"https:\/\/shop.pohjalabeer.com\/en\/#website"},"primaryImageOfPage":{"@id":"https:\/\/shop.pohjalabeer.com\/en\/product\/oo-cassis-kopeeri\/#primaryimage"},"image":{"@id":"https:\/\/shop.pohjalabeer.com\/en\/product\/oo-cassis-kopeeri\/#primaryimage"},"thumbnailUrl":"https:\/\/shop.pohjalabeer.com\/wp-content\/uploads\/2026\/01\/Bottle-shot-no-shadow-Oo-Raspberry-scaled.png","datePublished":"2026-01-15T12:52:29+00:00","dateModified":"2026-01-16T09:28:03+00:00","breadcrumb":{"@id":"https:\/\/shop.pohjalabeer.com\/en\/product\/oo-cassis-kopeeri\/#breadcrumb"},"inLanguage":"en-US","potentialAction":[{"@type":"ReadAction","target":["https:\/\/shop.pohjalabeer.com\/en\/product\/oo-cassis-kopeeri\/"]}]},{"@type":"ImageObject","inLanguage":"en-US","@id":"https:\/\/shop.pohjalabeer.com\/en\/product\/oo-cassis-kopeeri\/#primaryimage","url":"https:\/\/shop.pohjalabeer.com\/wp-content\/uploads\/2026\/01\/Bottle-shot-no-shadow-Oo-Raspberry-scaled.png","contentUrl":"https:\/\/shop.pohjalabeer.com\/wp-content\/uploads\/2026\/01\/Bottle-shot-no-shadow-Oo-Raspberry-scaled.png","width":647,"height":2560},{"@type":"BreadcrumbList","@id":"https:\/\/shop.pohjalabeer.com\/en\/product\/oo-cassis-kopeeri\/#breadcrumb","itemListElement":[{"@type":"ListItem","position":1,"name":"Home","item":"https:\/\/shop.pohjalabeer.com\/en\/"},{"@type":"ListItem","position":2,"name":"Bakery Shop","item":"https:\/\/shop.pohjalabeer.com\/en\/shop\/"},{"@type":"ListItem","position":3,"name":"\u00d6\u00f6 Raspberry"}]},{"@type":"WebSite","@id":"https:\/\/shop.pohjalabeer.com\/en\/#website","url":"https:\/\/shop.pohjalabeer.com\/en\/","name":"P\u00f5hjala Brewery","description":"","potentialAction":[{"@type":"SearchAction","target":{"@type":"EntryPoint","urlTemplate":"https:\/\/shop.pohjalabeer.com\/en\/?s={search_term_string}"},"query-input":{"@type":"PropertyValueSpecification","valueRequired":true,"valueName":"search_term_string"}}],"inLanguage":"en-US"}]}},"_links":{"self":[{"href":"https:\/\/shop.pohjalabeer.com\/en\/wp-json\/wp\/v2\/product\/3485","targetHints":{"allow":["GET"]}}],"collection":[{"href":"https:\/\/shop.pohjalabeer.com\/en\/wp-json\/wp\/v2\/product"}],"about":[{"href":"https:\/\/shop.pohjalabeer.com\/en\/wp-json\/wp\/v2\/types\/product"}],"wp:featuredmedia":[{"embeddable":true,"href":"https:\/\/shop.pohjalabeer.com\/en\/wp-json\/wp\/v2\/media\/3487"}],"wp:attachment":[{"href":"https:\/\/shop.pohjalabeer.com\/en\/wp-json\/wp\/v2\/media?parent=3485"}],"wp:term":[{"taxonomy":"product_brand","embeddable":true,"href":"https:\/\/shop.pohjalabeer.com\/en\/wp-json\/wp\/v2\/product_brand?post=3485"},{"taxonomy":"product_cat","embeddable":true,"href":"https:\/\/shop.pohjalabeer.com\/en\/wp-json\/wp\/v2\/product_cat?post=3485"},{"taxonomy":"product_tag","embeddable":true,"href":"https:\/\/shop.pohjalabeer.com\/en\/wp-json\/wp\/v2\/product_tag?post=3485"}],"curies":[{"name":"wp","href":"https:\/\/api.w.org\/{rel}","templated":true}]}}